{"id":2628,"date":"2023-08-07T22:14:54","date_gmt":"2023-08-07T21:14:54","guid":{"rendered":"https:\/\/fusspflegeundwellness.com\/?page_id=2628"},"modified":"2024-07-02T18:30:43","modified_gmt":"2024-07-02T17:30:43","slug":"impressum","status":"publish","type":"page","link":"https:\/\/fusspflegeundwellness.com\/de\/impressum\/","title":{"rendered":"IMPRESSUM"},"content":{"rendered":"<div data-elementor-type=\"wp-page\" data-elementor-id=\"2628\" class=\"elementor elementor-2628\">\n\t\t\t\t\t\t<div class=\"elementor-inner\">\n\t\t\t\t<div class=\"elementor-section-wrap\">\n\t\t\t\t\t\t\t\t\t<section class=\"elementor-section elementor-top-section elementor-element elementor-element-13695a0 elementor-section-boxed elementor-section-height-default elementor-section-height-default\" data-id=\"13695a0\" data-element_type=\"section\">\n\t\t\t\t\t\t<div class=\"elementor-container elementor-column-gap-default\">\n\t\t\t\t\t\t\t<div class=\"elementor-row\">\n\t\t\t\t\t<div class=\"aux-parallax-section elementor-column elementor-col-100 elementor-top-column elementor-element elementor-element-47047a6\" data-id=\"47047a6\" data-element_type=\"column\">\n\t\t\t<div class=\"elementor-column-wrap elementor-element-populated\">\n\t\t\t\t\t\t\t<div class=\"elementor-widget-wrap\">\n\t\t\t\t\t\t<div class=\"elementor-element elementor-element-d3f011b elementor-widget elementor-widget-heading\" data-id=\"d3f011b\" data-element_type=\"widget\" data-widget_type=\"heading.default\">\n\t\t\t\t<div class=\"elementor-widget-container\">\n\t\t\t<h2 class=\"elementor-heading-title elementor-size-default\">IMPRESSUM<\/h2>\t\t<\/div>\n\t\t\t\t<\/div>\n\t\t\t\t<section class=\"elementor-section elementor-inner-section elementor-element elementor-element-6cf1354 elementor-section-boxed elementor-section-height-default elementor-section-height-default\" data-id=\"6cf1354\" data-element_type=\"section\">\n\t\t\t\t\t\t<div class=\"elementor-container elementor-column-gap-default\">\n\t\t\t\t\t\t\t<div class=\"elementor-row\">\n\t\t\t\t\t<div class=\"aux-parallax-section elementor-column elementor-col-100 elementor-inner-column elementor-element elementor-element-9fd6e50\" data-id=\"9fd6e50\" data-element_type=\"column\">\n\t\t\t<div class=\"elementor-column-wrap elementor-element-populated\">\n\t\t\t\t\t\t\t<div class=\"elementor-widget-wrap\">\n\t\t\t\t\t\t<div class=\"elementor-element elementor-element-d352517 elementor-widget elementor-widget-heading\" data-id=\"d352517\" data-element_type=\"widget\" data-widget_type=\"heading.default\">\n\t\t\t\t<div class=\"elementor-widget-container\">\n\t\t\t<h2 class=\"elementor-heading-title elementor-size-default\"><span style=\"color: rgb(0, 0, 0); font-family: Poppins, sans-serif; font-size: 16px; font-weight: 300; white-space-collapse: collapse;\">Sandra Trees Dom\u00ednguez: Inhaberin<\/span><br style=\"color: rgb(0, 0, 0); font-family: Poppins, sans-serif; font-size: 16px; font-weight: 300; white-space-collapse: collapse;\"><div><font color=\"#000000\" face=\"Poppins, sans-serif\"><span style=\"font-size: 16px; font-weight: 300; white-space-collapse: collapse;\">Bornheimer Stra\u00dfe 31a-&nbsp;<\/span><\/font><span style=\"font-size: 16px; font-weight: 300; white-space-collapse: collapse; color: rgb(0, 0, 0); font-family: Poppins, sans-serif; letter-spacing: 0px;\">53111 Bonn<\/span><\/div><span style=\"color: rgb(0, 0, 0); font-family: Poppins, sans-serif; font-size: 16px; font-weight: 300; white-space-collapse: collapse;\">Handwerkskammer zu K\u00f6ln, Betriebsnummer 1186122<\/span><br style=\"color: rgb(0, 0, 0); font-family: Poppins, sans-serif; font-size: 16px; font-weight: 300; white-space-collapse: collapse;\"><span style=\"color: rgb(0, 0, 0); font-family: Poppins, sans-serif; font-size: 16px; font-weight: 300; white-space-collapse: collapse;\">Identifikationsnummer 49195026733<\/span><br style=\"color: rgb(0, 0, 0); font-family: Poppins, sans-serif; font-size: 16px; font-weight: 300; white-space-collapse: collapse;\"><span style=\"color: rgb(0, 0, 0); font-family: Poppins, sans-serif; font-size: 16px; font-weight: 300; white-space-collapse: collapse;\">Steuernummer 205\/5058\/2327<\/span><\/h2>\t\t<\/div>\n\t\t\t\t<\/div>\n\t\t\t\t\t\t<\/div>\n\t\t\t\t\t<\/div>\n\t\t<\/div>\n\t\t\t\t\t\t\t\t<\/div>\n\t\t\t\t\t<\/div>\n\t\t<\/section>\n\t\t\t\t\t\t<\/div>\n\t\t\t\t\t<\/div>\n\t\t<\/div>\n\t\t\t\t\t\t\t\t<\/div>\n\t\t\t\t\t<\/div>\n\t\t<\/section>\n\t\t\t\t\t\t\t\t\t<\/div>\n\t\t\t<\/div>\n\t\t\t\t\t<\/div>","protected":false},"excerpt":{"rendered":"<p>IMPRESSUM Sandra Trees Dom\u00ednguez: InhaberinBornheimer Stra\u00dfe 31a-&nbsp;53111 BonnHandwerkskammer zu K\u00f6ln, Betriebsnummer 1186122Identifikationsnummer 49195026733Steuernummer 205\/5058\/2327<\/p>","protected":false},"author":1,"featured_media":0,"parent":0,"menu_order":0,"comment_status":"closed","ping_status":"closed","template":"","meta":{"om_disable_all_campaigns":false,"_monsterinsights_skip_tracking":false,"_monsterinsights_sitenote_active":false,"_monsterinsights_sitenote_note":"","_monsterinsights_sitenote_category":0},"aioseo_notices":[],"_links":{"self":[{"href":"https:\/\/fusspflegeundwellness.com\/de\/wp-json\/wp\/v2\/pages\/2628"}],"collection":[{"href":"https:\/\/fusspflegeundwellness.com\/de\/wp-json\/wp\/v2\/pages"}],"about":[{"href":"https:\/\/fusspflegeundwellness.com\/de\/wp-json\/wp\/v2\/types\/page"}],"author":[{"embeddable":true,"href":"https:\/\/fusspflegeundwellness.com\/de\/wp-json\/wp\/v2\/users\/1"}],"replies":[{"embeddable":true,"href":"https:\/\/fusspflegeundwellness.com\/de\/wp-json\/wp\/v2\/comments?post=2628"}],"version-history":[{"count":11,"href":"https:\/\/fusspflegeundwellness.com\/de\/wp-json\/wp\/v2\/pages\/2628\/revisions"}],"predecessor-version":[{"id":2734,"href":"https:\/\/fusspflegeundwellness.com\/de\/wp-json\/wp\/v2\/pages\/2628\/revisions\/2734"}],"wp:attachment":[{"href":"https:\/\/fusspflegeundwellness.com\/de\/wp-json\/wp\/v2\/media?parent=2628"}],"curies":[{"name":"wp","href":"https:\/\/api.w.org\/{rel}","templated":true}]}}